{"id":9,"date":"2018-10-04T05:15:09","date_gmt":"2018-10-04T05:15:09","guid":{"rendered":"http:\/\/cubanbeatbooks.com\/index.php\/portfolio\/"},"modified":"2022-08-24T20:35:09","modified_gmt":"2022-08-24T20:35:09","slug":"portfolio","status":"publish","type":"page","link":"https:\/\/cubanbeatbooks.com\/index.php\/portfolio\/","title":{"rendered":"The First Stone"},"content":{"rendered":"<p><img loading=\"lazy\" decoding=\"async\" src=\"http:\/\/cubanbeatbooks.com\/wp-content\/uploads\/2020\/05\/The_First_Stone_Front-cover-679x1024.jpg\" sizes=\"auto, 100vw\" srcset=\"https:\/\/cubanbeatbooks.com\/wp-content\/uploads\/2020\/05\/The_First_Stone_Front-cover-679x1024.jpg 679w, https:\/\/cubanbeatbooks.com\/wp-content\/uploads\/2020\/05\/The_First_Stone_Front-cover-199x300.jpg 199w, https:\/\/cubanbeatbooks.com\/wp-content\/uploads\/2020\/05\/The_First_Stone_Front-cover-768x1158.jpg 768w, https:\/\/cubanbeatbooks.com\/wp-content\/uploads\/2020\/05\/The_First_Stone_Front-cover-1018x1536.jpg 1018w, https:\/\/cubanbeatbooks.com\/wp-content\/uploads\/2020\/05\/The_First_Stone_Front-cover-1358x2048.jpg 1358w, https:\/\/cubanbeatbooks.com\/wp-content\/uploads\/2020\/05\/The_First_Stone_Front-cover.jpg 1600w\" alt=\"\" width=\"525\" height=\"792\" \/><\/p>\n<p><b>Contemporary<\/b><strong> Cuban Culture As Only A Participant Could See It<\/strong><\/p>\n<p>Available for the first time in English, The First Stone: Essays on Contemporary Cuban Song and Society is an indispensable guide through the artists, places, personalities, and questions that define a generation of extraordinarily talented Cuban artists. Many of the essays collected in the book focus on music and musicians; others explore Cuban culture and society writ large, providing context for and insight into the arts in general on the island. This volume of profiles, essays, liner notes and notes to concert programs, is an invaluable compendium of observations and experiences that shed light on the complicated and shifting reality of life in everyday Cuba.<\/p>\n<p><b>Ariel D\u00edaz<\/b> is one of the leading voices of his generation of Cuban singersongwriters. He is also a visual artist, an essayist, a photographer, and filmmaker. He began performing publicly at Casa de las Am\u00e9ricas in the mid-1990s and is a member of the Asociaci\u00f3n Hermanos Sa\u00edz, the Centro Nacional de M\u00fasica Popular, and the UNEAC. He has performed throughout the world with the biggest names in trova. His most recent recordings are <i>Pueblo sin ley<\/i> (2010) and <i>T\u00e1ctil <\/i>(2015). <a href=\"https:\/\/www.youtube.com\/user\/pueblosinley2011\">Click here to visit his YouTube channel<\/a>.<\/p>\n<p>In addition to the writings, this volume features photos and drawings by the author, including the front cover art and a new Cuban Beat Books logo!<\/p>\n<p><a href=\"https:\/\/www.amazon.com\/dp\/1657216284\/ref=sr_1_2?dchild=1&amp;keywords=ariel+diaz+the+first+stone&amp;qid=1588344742&amp;sr=8-2\" target=\"_blank\" rel=\"noopener noreferrer\"><b>Click here to purchase.<\/b><\/a><\/p>\n<p><img loading=\"lazy\" decoding=\"async\" src=\"http:\/\/cubanbeatbooks.com\/wp-content\/uploads\/2020\/05\/Cuban-Beat-Books-1024x1024.jpg\" sizes=\"auto, 100vw\" srcset=\"https:\/\/cubanbeatbooks.com\/wp-content\/uploads\/2020\/05\/Cuban-Beat-Books-1024x1024.jpg 1024w, https:\/\/cubanbeatbooks.com\/wp-content\/uploads\/2020\/05\/Cuban-Beat-Books-300x300.jpg 300w, https:\/\/cubanbeatbooks.com\/wp-content\/uploads\/2020\/05\/Cuban-Beat-Books-150x150.jpg 150w, https:\/\/cubanbeatbooks.com\/wp-content\/uploads\/2020\/05\/Cuban-Beat-Books-768x768.jpg 768w, https:\/\/cubanbeatbooks.com\/wp-content\/uploads\/2020\/05\/Cuban-Beat-Books-1536x1536.jpg 1536w, https:\/\/cubanbeatbooks.com\/wp-content\/uploads\/2020\/05\/Cuban-Beat-Books-100x100.jpg 100w, https:\/\/cubanbeatbooks.com\/wp-content\/uploads\/2020\/05\/Cuban-Beat-Books.jpg 1799w\" alt=\"\" width=\"525\" height=\"525\" \/><\/p>\n","protected":false},"excerpt":{"rendered":"<p>Contemporary Cuban Culture As Only A Participant Could See It Available for the first time in English, The First Stone: Essays on Contemporary Cuban Song and Society is an indispensable guide through the artists, places, personalities, and questions that define a generation of extraordinarily talented Cuban artists. Many of the essays collected in the book &hellip; <\/p>\n<p class=\"link-more\"><a href=\"https:\/\/cubanbeatbooks.com\/index.php\/portfolio\/\" class=\"more-link\">Continue reading<span class=\"screen-reader-text\"> &#8220;The First Stone&#8221;<\/span><\/a><\/p>\n","protected":false},"author":0,"featured_media":0,"parent":0,"menu_order":0,"comment_status":"closed","ping_status":"closed","template":"","meta":{"footnotes":""},"class_list":["post-9","page","type-page","status-publish","hentry"],"_links":{"self":[{"href":"https:\/\/cubanbeatbooks.com\/index.php\/wp-json\/wp\/v2\/pages\/9","targetHints":{"allow":["GET"]}}],"collection":[{"href":"https:\/\/cubanbeatbooks.com\/index.php\/wp-json\/wp\/v2\/pages"}],"about":[{"href":"https:\/\/cubanbeatbooks.com\/index.php\/wp-json\/wp\/v2\/types\/page"}],"replies":[{"embeddable":true,"href":"https:\/\/cubanbeatbooks.com\/index.php\/wp-json\/wp\/v2\/comments?post=9"}],"version-history":[{"count":15,"href":"https:\/\/cubanbeatbooks.com\/index.php\/wp-json\/wp\/v2\/pages\/9\/revisions"}],"predecessor-version":[{"id":855,"href":"https:\/\/cubanbeatbooks.com\/index.php\/wp-json\/wp\/v2\/pages\/9\/revisions\/855"}],"wp:attachment":[{"href":"https:\/\/cubanbeatbooks.com\/index.php\/wp-json\/wp\/v2\/media?parent=9"}],"curies":[{"name":"wp","href":"https:\/\/api.w.org\/{rel}","templated":true}]}}