{"id":750,"date":"2020-04-26T16:45:45","date_gmt":"2020-04-26T16:45:45","guid":{"rendered":"http:\/\/cubanbeatbooks.com\/?page_id=750"},"modified":"2020-05-01T13:14:35","modified_gmt":"2020-05-01T13:14:35","slug":"beyond-buena-vista","status":"publish","type":"page","link":"https:\/\/cubanbeatbooks.com\/index.php\/beyond-buena-vista\/","title":{"rendered":"Beyond Buena Vista"},"content":{"rendered":"\t\t<div data-elementor-type=\"wp-page\" data-elementor-id=\"750\" class=\"elementor elementor-750\" data-elementor-settings=\"[]\">\n\t\t\t<div class=\"elementor-inner\">\n\t\t\t\t<div class=\"elementor-section-wrap\">\n\t\t\t\t\t\t\t<section class=\"elementor-element elementor-element-52cc11de elementor-section-boxed elementor-section-height-default elementor-section-height-default elementor-section elementor-top-section\" data-id=\"52cc11de\" data-element_type=\"section\">\n\t\t\t\t\t\t<div class=\"elementor-container elementor-column-gap-default\">\n\t\t\t\t<div class=\"elementor-row\">\n\t\t\t\t<div class=\"elementor-element elementor-element-1eb6cb7a elementor-column elementor-col-100 elementor-top-column\" data-id=\"1eb6cb7a\" data-element_type=\"column\">\n\t\t\t<div class=\"elementor-column-wrap  elementor-element-populated\">\n\t\t\t\t\t<div class=\"elementor-widget-wrap\">\n\t\t\t\t<div class=\"elementor-element elementor-element-09ce968 elementor-widget elementor-widget-image\" data-id=\"09ce968\" data-element_type=\"widget\" data-widget_type=\"image.default\">\n\t\t\t\t<div class=\"elementor-widget-container\">\n\t\t\t\t\t<div class=\"elementor-image\">\n\t\t\t\t\t\t\t\t\t\t<img loading=\"lazy\" decoding=\"async\" width=\"525\" height=\"787\" src=\"https:\/\/cubanbeatbooks.com\/wp-content\/uploads\/2020\/04\/59240040_High-Resolution-Front-Cover.6872658-683x1024.jpg\" class=\"attachment-large size-large\" alt=\"\" srcset=\"https:\/\/cubanbeatbooks.com\/wp-content\/uploads\/2020\/04\/59240040_High-Resolution-Front-Cover.6872658-683x1024.jpg 683w, https:\/\/cubanbeatbooks.com\/wp-content\/uploads\/2020\/04\/59240040_High-Resolution-Front-Cover.6872658-200x300.jpg 200w, https:\/\/cubanbeatbooks.com\/wp-content\/uploads\/2020\/04\/59240040_High-Resolution-Front-Cover.6872658-768x1152.jpg 768w, https:\/\/cubanbeatbooks.com\/wp-content\/uploads\/2020\/04\/59240040_High-Resolution-Front-Cover.6872658-1024x1536.jpg 1024w, https:\/\/cubanbeatbooks.com\/wp-content\/uploads\/2020\/04\/59240040_High-Resolution-Front-Cover.6872658-1365x2048.jpg 1365w, https:\/\/cubanbeatbooks.com\/wp-content\/uploads\/2020\/04\/59240040_High-Resolution-Front-Cover.6872658-scaled.jpg 1707w\" sizes=\"auto, 100vw\" \/>\t\t\t\t\t\t\t\t\t\t\t<\/div>\n\t\t\t\t<\/div>\n\t\t\t\t<\/div>\n\t\t\t\t<div class=\"elementor-element elementor-element-1e89c7df elementor-widget elementor-widget-text-editor\" data-id=\"1e89c7df\" data-element_type=\"widget\" data-widget_type=\"text-editor.default\">\n\t\t\t\t<div class=\"elementor-widget-container\">\n\t\t\t\t\t<div class=\"elementor-text-editor elementor-clearfix\"><p><!-- wp:paragraph --><\/p>\n<p><b>From its emergence as political and social commentary in the 1960s,\u00a0<em>nueva trova<\/em>\u00a0became a defining feature of Cuban musical culture. This study of contemporary Cuban song shows how it has developed over the years and has risen and fallen in cultural relevance, like the social themes reflected in the lyrics.<\/b><\/p>\n<p><!-- \/wp:paragraph --><\/p>\n<p><!-- wp:paragraph --><\/p>\n<p>While there are a number of works in Spanish about this artistic movement, this is the first in English that explains this important aspect of Cuban culture. The time span\u2014more than fifty years\u2014allows for analysis of how this particular art form has changed over time. While the accompaniment of a simple six-string guitar is still most common, the traditional structure of the\u00a0<em>movimiento de la nueva trova<\/em>\u00a0was mostly defunct by the mid-1980s. But though they address different motives and problems, the thoughtfully written songs continue. Contemporary Cuban artists are often influenced now by other genres, including hip-hop, pop, and popular Cuban dance music.<\/p>\n<p><!-- \/wp:paragraph --><\/p>\n<p><!-- wp:paragraph --><\/p>\n<p>Written by Joaqu\u00edn Borges-Triana, a journalist, author, and Cuban music expert, this illustrative work is essential reading for anyone interested in Cuban culture or musicology. It has been translated into English by Robert Nasatir.<\/p>\n<p><b>Joaqu\u00edn Borges-Triana<\/b> is the author of many books and articles on contemporary Cuban song. The most recently published include\u00a0<i>M\u00fasicos de Cuba y del mundo: Nadie se va del todo<\/i>\u00a0and\u00a0<i>La luz, br\u00f3der, la luz: Canci\u00f3n Cubana Contempor\u00e1nea.\u00a0<\/i>Borges-Triana holds a PhD from the Instituto Superior de Arte (ISA) in Havana. He often teaches classes to both Cuban and visiting students. Residing in Havana, he is a journalist for\u00a0<i>El Caim\u00e1n Barbudo<\/i>.<\/p>\n<p><a href=\"https:\/\/www.amazon.com\/Beyond-Buena-Vista-Contemporary-Cuban\/dp\/1542707447\/ref=sr_1_1?dchild=1&amp;keywords=beyond+buena+vista&amp;qid=1587920467&amp;sr=8-1\"><b>Click here to purchase.<\/b><\/a><\/p>\n<p><!-- \/wp:paragraph --><\/p><\/div>\n\t\t\t\t<\/div>\n\t\t\t\t<\/div>\n\t\t\t\t\t\t<\/div>\n\t\t\t<\/div>\n\t\t<\/div>\n\t\t\t\t\t\t<\/div>\n\t\t\t<\/div>\n\t\t<\/section>\n\t\t\t\t\t\t<\/div>\n\t\t\t<\/div>\n\t\t<\/div>\n\t\t","protected":false},"excerpt":{"rendered":"<p>From its emergence as political and social commentary in the 1960s,\u00a0nueva trova\u00a0became a defining feature of Cuban musical culture. This study of contemporary Cuban song shows how it has developed over the years and has risen and fallen in cultural relevance, like the social themes reflected in the lyrics. While there are a number of &hellip; <\/p>\n<p class=\"link-more\"><a href=\"https:\/\/cubanbeatbooks.com\/index.php\/beyond-buena-vista\/\" class=\"more-link\">Continue reading<span class=\"screen-reader-text\"> &#8220;Beyond Buena Vista&#8221;<\/span><\/a><\/p>\n","protected":false},"author":1,"featured_media":0,"parent":0,"menu_order":0,"comment_status":"closed","ping_status":"closed","template":"","meta":{"footnotes":""},"class_list":["post-750","page","type-page","status-publish","hentry"],"_links":{"self":[{"href":"https:\/\/cubanbeatbooks.com\/index.php\/wp-json\/wp\/v2\/pages\/750","targetHints":{"allow":["GET"]}}],"collection":[{"href":"https:\/\/cubanbeatbooks.com\/index.php\/wp-json\/wp\/v2\/pages"}],"about":[{"href":"https:\/\/cubanbeatbooks.com\/index.php\/wp-json\/wp\/v2\/types\/page"}],"author":[{"embeddable":true,"href":"https:\/\/cubanbeatbooks.com\/index.php\/wp-json\/wp\/v2\/users\/1"}],"replies":[{"embeddable":true,"href":"https:\/\/cubanbeatbooks.com\/index.php\/wp-json\/wp\/v2\/comments?post=750"}],"version-history":[{"count":9,"href":"https:\/\/cubanbeatbooks.com\/index.php\/wp-json\/wp\/v2\/pages\/750\/revisions"}],"predecessor-version":[{"id":815,"href":"https:\/\/cubanbeatbooks.com\/index.php\/wp-json\/wp\/v2\/pages\/750\/revisions\/815"}],"wp:attachment":[{"href":"https:\/\/cubanbeatbooks.com\/index.php\/wp-json\/wp\/v2\/media?parent=750"}],"curies":[{"name":"wp","href":"https:\/\/api.w.org\/{rel}","templated":true}]}}